{"id":7380,"date":"2017-06-13T12:01:02","date_gmt":"2017-06-13T12:01:02","guid":{"rendered":"\/pt\/blog\/?page_id=7380"},"modified":"2022-06-01T16:20:31","modified_gmt":"2022-06-01T16:20:31","slug":"politica-de-privacidade","status":"publish","type":"page","link":"https:\/\/www.lecuine.com\/pt\/blog\/politica-de-privacidade\/","title":{"rendered":"Pol\u00edtica de privacidade"},"content":{"rendered":"<h3>POL\u00cdTICA DE PROTEC\u00c7\u00c3O DE DADOS<\/h3>\n<p>Em realiza\u00e7\u00f5es do artigo 5\u00ba da Lei 15\/1999 de 13 de dezembro de Protec\u00e7\u00e3o de Dados Pessoais, os projetos empresa LECOM PROJECTS, S.L. informa que os dados pessoais que voc\u00ea nos fornecer voluntariamente atrav\u00e9s das diferentes se\u00e7\u00f5es do site, ser\u00e3o processados \u200b\u200be recolhidos num ficheiro automatizado de dados de propriedade e gerenciado \u00e9 LECOM PROJECTS, S.L, com sede na Rua Cop\u00e9rnico, 47-49, de Barcelona c\u00f3digo postal 08021, ou atrav\u00e9s do email info@lecuine.com podem exercer o seu direito de acesso, retifica\u00e7\u00e3o, cancelamento e oposi\u00e7\u00e3o ao tratamento de dados pessoais, nos termos e condi\u00e7\u00f5es previstos no pr\u00f3prio regulamentos em vigor, que dever\u00e1 proporcionar uma documenta\u00e7\u00e3o legal formal para permitir a devida identifica\u00e7\u00e3o da pessoa e projetos LECOM PROJECTS, S.L voc\u00ea pode corretamente responder \u00e0 sua solicita\u00e7\u00e3o.<\/p>\n<p>Al\u00e9m disso, LECOM PROJECTS, S.L. compromete-se a adoptar medidas t\u00e9cnicas e organizativas adequadas para garantir a seguran\u00e7a dos dados pessoais e evitar a sua altera\u00e7\u00e3o, perda ou acesso n\u00e3o autorizado e para cumprir com as medidas de seguran\u00e7a estabelecidas para ficheiros automatizados que contenham acesso a dados de caracteres funcion\u00e1rios.<\/p>\n<p>No caso de que o acesso \u00e0 informa\u00e7\u00e3o era exigida por qualquer organismo oficial, LECOM PROJECTS, S.L. ir\u00e1 fornecer toda a documenta\u00e7\u00e3o necess\u00e1ria.<\/p>\n<h3>DADOS PESSOAIS E SIGILO DE SE<\/h3>\n<p>\u00c9 de responsabilidade do usu\u00e1rio para garantir que os dados pessoais fornecidos atrav\u00e9s de quaisquer site da LECOM PROJECTS, S.L s\u00e3o verdadeiro e relatar quaisquer altera\u00e7\u00f5es neles. Avisar o utilizador de que o uso indevido de dados pessoais de outras pessoas \u00e9 ilegal e, dado o caso, a responsabilidade por quaisquer danos, directos ou indirectos, causados \u200b\u200ba LECOM PROJECTS, S.L ou a terceiros ser\u00e1 somente o usu\u00e1rio.<\/p>\n<p>Se um identificador e \/ ou uma senha confidencial \u00e9 recebida pelo uso de um servi\u00e7o que \u00e9 de responsabilidade do usu\u00e1rio manter essa confidencialidade n\u00e3o revelar direta ou indiretamente informa\u00e7\u00f5es para outro usu\u00e1rio e manter medidas de seguran\u00e7a apropriadas para o efeito. Para ser o caso que o usu\u00e1rio detecta uma falha de seguran\u00e7a em seus dados, \u00e9 seu dever comunic\u00e1-lo a www.lecuine.com proceder para fazer as medidas necess\u00e1rias para salvaguardar a integridade das informa\u00e7\u00f5es e uso adequado do servi\u00e7os da mesma. LECOM PROJECTS, S.L n\u00e3o ser\u00e1 respons\u00e1vel pela utiliza\u00e7\u00e3o il\u00edcita dos servi\u00e7os web por um terceiro, at\u00e9 que receba a comunica\u00e7\u00e3o relevante pelo usu\u00e1rio afetado.<\/p>\n<p>LECOM PROJECTS, S.L. reserva-se o direito de negar acesso, remova a conta ou modificar qualquer conte\u00fado do usu\u00e1rio, se esta viola\u00e7\u00e3o da legisla\u00e7\u00e3o, estes Termos e Condi\u00e7\u00f5es privacidade ou actualmente existentes no aviso legal.<\/p>\n<h3>MENORES<\/h3>\n<p>Usu\u00e1rios menores de 18 anos devem ter o consentimento de seus pais ou respons\u00e1veis legais antes de fornecer informa\u00e7\u00f5es pessoais s\u00e3o alertados. A LECOM PROJECTS, S.L, diretamente ou sob qualquer de suas marcas, n\u00e3o vende produtos para menores, como indicado no aviso legal.<\/p>\n<h3>COMUNICA\u00c7\u00d5ES COM O USU\u00c1RIO E USO DE INFORMA\u00c7\u00d5ES<\/h3>\n<p>Os dados fornecidos pelos usu\u00e1rios ser\u00e3o usadas para fins promocionais LECOM PROJECTS, S.L. e os neg\u00f3cios realizados sob diferentes marcas que t\u00eam plenos direitos, seja por canal regular ou eletr\u00f4nico.<\/p>\n<p>Enquanto o usu\u00e1rio n\u00e3o indicar o contr\u00e1rio em seu consentimento do usu\u00e1rio \u00e1rea para o envio de comunica\u00e7\u00f5es por meios electr\u00f3nicos de LECOM PROJECTS, S.L, se a freq\u00fc\u00eancia elas s\u00e3o, e que preencham os requisitos em escrever que a legisla\u00e7\u00e3o poderia contemplar.<\/p>\n<h3>PRESTADORES DE SERVI\u00c7OS<\/h3>\n<p>A fim de prestar os servi\u00e7os solicitados pelos usu\u00e1rios, LECOM PROJECTS, S.L contrata\u00e7\u00f5es ou voc\u00ea pode contratar outras entidades legais e \/ ou indiv\u00edduos para executar fun\u00e7\u00f5es em nosso nome, como embalagem do produto, envio de encomendas, processar pagamentos, prestar servi\u00e7o ao cliente especializado, envie an\u00e1lise comunica\u00e7\u00f5es ou electr\u00f3nica de dados entre outros.<\/p>\n<p>LECOM PROJECTS, S.L. compromete-se a divulgar e divulgar entre todas as pessoas envolvidas direta ou indiretamente no processamento de dados, medidas de seguran\u00e7a, regras e procedimentos adotados para garantir a seguran\u00e7a dos dados e evitar a sua altera\u00e7\u00e3o, perda, tratamento ou acesso n\u00e3o autorizado. Deve tamb\u00e9m informar o dever de sigilo ou de confidencialidade a que \u00e9 exigido por lei.<\/p>\n<h3>COOKIES<\/h3>\n<p>Este site usa cookies para gerenciar o carrinho de compras, a identifica\u00e7\u00e3o do cliente corretamente e oferecer produtos que melhor atendam \u00e0s suas necessidades.<\/p>\n<p>Al\u00e9m disso, este site tem pacote de software Google Analytics integrado para analisar o tr\u00e1fego recebido e como eles usam os usu\u00e1rios da web. O software \u00e9 de propriedade da empresa GOOGLE INC. em nome de LECOM PROJECTS, S.L. armazena informa\u00e7\u00f5es sobre a navega\u00e7\u00e3o do usu\u00e1rio, incluindo, I.P. (Internet Protocol). Esta informa\u00e7\u00e3o n\u00e3o pode estar relacionada com qualquer outro GOOGLE INC para organizar. e bom uso feito preservada.<\/p>\n<p>Se o usu\u00e1rio tiver habilitado o uso de cookies no seu browser sugere que aceita a utiliza\u00e7\u00e3o dos mesmos por LECOM PROJECTS, S.L. e o tratamento ser\u00e1 o mesmo. Por outro lado, o usu\u00e1rio pode recusar o uso de cookies, configurando o seu navegador de forma adequada, enquanto a funcionalidade completa deste site n\u00e3o \u00e9 garantida adverte.<\/p>\n","protected":false},"excerpt":{"rendered":"<p>POL\u00cdTICA DE PROTEC\u00c7\u00c3O DE DADOS Em realiza\u00e7\u00f5es do artigo 5\u00ba da Lei 15\/1999 de 13 de dezembro de Protec\u00e7\u00e3o de Dados Pessoais, os projetos empresa LECOM PROJECTS, S.L. informa que os dados pessoais que voc\u00ea nos fornecer voluntariamente atrav\u00e9s das diferentes se\u00e7\u00f5es do site, ser\u00e3o processados \u200b\u200be recolhidos num ficheiro automatizado de dados de propriedade&#8230;<\/p>\n","protected":false},"author":1,"featured_media":0,"parent":0,"menu_order":0,"comment_status":"closed","ping_status":"closed","template":"","meta":{"_acf_changed":false,"footnotes":""},"class_list":["post-7380","page","type-page","status-publish","hentry"],"acf":[],"yoast_head":"<!-- This site is optimized with the Yoast SEO plugin v23.2 - https:\/\/yoast.com\/wordpress\/plugins\/seo\/ -->\n<title>Pol\u00edtica de privacidade - Lecuiners Portugal<\/title>\n<meta name=\"robots\" content=\"index, follow, max-snippet:-1, max-image-preview:large, max-video-preview:-1\" \/>\n<link rel=\"canonical\" href=\"https:\/\/www.lecuine.com\/pt\/blog\/politica-de-privacidade\/\" \/>\n<meta property=\"og:locale\" content=\"pt_PT\" \/>\n<meta property=\"og:type\" content=\"article\" \/>\n<meta property=\"og:title\" content=\"Pol\u00edtica de privacidade - Lecuiners Portugal\" \/>\n<meta property=\"og:description\" content=\"POL\u00cdTICA DE PROTEC\u00c7\u00c3O DE DADOS Em realiza\u00e7\u00f5es do artigo 5\u00ba da Lei 15\/1999 de 13 de dezembro de Protec\u00e7\u00e3o de Dados Pessoais, os projetos empresa LECOM PROJECTS, S.L. informa que os dados pessoais que voc\u00ea nos fornecer voluntariamente atrav\u00e9s das diferentes se\u00e7\u00f5es do site, ser\u00e3o processados \u200b\u200be recolhidos num ficheiro automatizado de dados de propriedade...\" \/>\n<meta property=\"og:url\" content=\"https:\/\/www.lecuine.com\/pt\/blog\/politica-de-privacidade\/\" \/>\n<meta property=\"og:site_name\" content=\"Lecuiners Portugal\" \/>\n<meta property=\"article:publisher\" content=\"https:\/\/www.facebook.com\/lecuineportugal\/\" \/>\n<meta property=\"article:modified_time\" content=\"2022-06-01T16:20:31+00:00\" \/>\n<meta name=\"twitter:card\" content=\"summary_large_image\" \/>\n<meta name=\"twitter:label1\" content=\"Tempo estimado de leitura\" \/>\n\t<meta name=\"twitter:data1\" content=\"5 minutos\" \/>\n<script type=\"application\/ld+json\" class=\"yoast-schema-graph\">{\"@context\":\"https:\/\/schema.org\",\"@graph\":[{\"@type\":\"WebPage\",\"@id\":\"https:\/\/www.lecuine.com\/pt\/blog\/politica-de-privacidade\/\",\"url\":\"https:\/\/www.lecuine.com\/pt\/blog\/politica-de-privacidade\/\",\"name\":\"Pol\u00edtica de privacidade - Lecuiners Portugal\",\"isPartOf\":{\"@id\":\"https:\/\/www.lecuine.com\/pt\/blog\/#website\"},\"datePublished\":\"2017-06-13T12:01:02+00:00\",\"dateModified\":\"2022-06-01T16:20:31+00:00\",\"inLanguage\":\"pt-PT\",\"potentialAction\":[{\"@type\":\"ReadAction\",\"target\":[\"https:\/\/www.lecuine.com\/pt\/blog\/politica-de-privacidade\/\"]}]},{\"@type\":\"WebSite\",\"@id\":\"https:\/\/www.lecuine.com\/pt\/blog\/#website\",\"url\":\"https:\/\/www.lecuine.com\/pt\/blog\/\",\"name\":\"Lecuiners Portugal\",\"description\":\"Melhore a sua cozinha\",\"potentialAction\":[{\"@type\":\"SearchAction\",\"target\":{\"@type\":\"EntryPoint\",\"urlTemplate\":\"https:\/\/www.lecuine.com\/pt\/blog\/?s={search_term_string}\"},\"query-input\":\"required name=search_term_string\"}],\"inLanguage\":\"pt-PT\"}]}<\/script>\n<!-- \/ Yoast SEO plugin. -->","yoast_head_json":{"title":"Pol\u00edtica de privacidade - Lecuiners Portugal","robots":{"index":"index","follow":"follow","max-snippet":"max-snippet:-1","max-image-preview":"max-image-preview:large","max-video-preview":"max-video-preview:-1"},"canonical":"https:\/\/www.lecuine.com\/pt\/blog\/politica-de-privacidade\/","og_locale":"pt_PT","og_type":"article","og_title":"Pol\u00edtica de privacidade - Lecuiners Portugal","og_description":"POL\u00cdTICA DE PROTEC\u00c7\u00c3O DE DADOS Em realiza\u00e7\u00f5es do artigo 5\u00ba da Lei 15\/1999 de 13 de dezembro de Protec\u00e7\u00e3o de Dados Pessoais, os projetos empresa LECOM PROJECTS, S.L. informa que os dados pessoais que voc\u00ea nos fornecer voluntariamente atrav\u00e9s das diferentes se\u00e7\u00f5es do site, ser\u00e3o processados \u200b\u200be recolhidos num ficheiro automatizado de dados de propriedade...","og_url":"https:\/\/www.lecuine.com\/pt\/blog\/politica-de-privacidade\/","og_site_name":"Lecuiners Portugal","article_publisher":"https:\/\/www.facebook.com\/lecuineportugal\/","article_modified_time":"2022-06-01T16:20:31+00:00","twitter_card":"summary_large_image","twitter_misc":{"Tempo estimado de leitura":"5 minutos"},"schema":{"@context":"https:\/\/schema.org","@graph":[{"@type":"WebPage","@id":"https:\/\/www.lecuine.com\/pt\/blog\/politica-de-privacidade\/","url":"https:\/\/www.lecuine.com\/pt\/blog\/politica-de-privacidade\/","name":"Pol\u00edtica de privacidade - Lecuiners Portugal","isPartOf":{"@id":"https:\/\/www.lecuine.com\/pt\/blog\/#website"},"datePublished":"2017-06-13T12:01:02+00:00","dateModified":"2022-06-01T16:20:31+00:00","inLanguage":"pt-PT","potentialAction":[{"@type":"ReadAction","target":["https:\/\/www.lecuine.com\/pt\/blog\/politica-de-privacidade\/"]}]},{"@type":"WebSite","@id":"https:\/\/www.lecuine.com\/pt\/blog\/#website","url":"https:\/\/www.lecuine.com\/pt\/blog\/","name":"Lecuiners Portugal","description":"Melhore a sua cozinha","potentialAction":[{"@type":"SearchAction","target":{"@type":"EntryPoint","urlTemplate":"https:\/\/www.lecuine.com\/pt\/blog\/?s={search_term_string}"},"query-input":"required name=search_term_string"}],"inLanguage":"pt-PT"}]}},"_links":{"self":[{"href":"https:\/\/www.lecuine.com\/pt\/blog\/wp-json\/wp\/v2\/pages\/7380"}],"collection":[{"href":"https:\/\/www.lecuine.com\/pt\/blog\/wp-json\/wp\/v2\/pages"}],"about":[{"href":"https:\/\/www.lecuine.com\/pt\/blog\/wp-json\/wp\/v2\/types\/page"}],"author":[{"embeddable":true,"href":"https:\/\/www.lecuine.com\/pt\/blog\/wp-json\/wp\/v2\/users\/1"}],"replies":[{"embeddable":true,"href":"https:\/\/www.lecuine.com\/pt\/blog\/wp-json\/wp\/v2\/comments?post=7380"}],"version-history":[{"count":5,"href":"https:\/\/www.lecuine.com\/pt\/blog\/wp-json\/wp\/v2\/pages\/7380\/revisions"}],"predecessor-version":[{"id":8503,"href":"https:\/\/www.lecuine.com\/pt\/blog\/wp-json\/wp\/v2\/pages\/7380\/revisions\/8503"}],"wp:attachment":[{"href":"https:\/\/www.lecuine.com\/pt\/blog\/wp-json\/wp\/v2\/media?parent=7380"}],"curies":[{"name":"wp","href":"https:\/\/api.w.org\/{rel}","templated":true}]}}