{"id":43,"date":"2014-03-24T23:57:27","date_gmt":"2014-03-24T23:57:27","guid":{"rendered":"\/blog\/?page_id=43"},"modified":"2022-08-03T16:02:18","modified_gmt":"2022-08-03T14:02:18","slug":"aviso-de-privacidad","status":"publish","type":"page","link":"https:\/\/www.lecuine.com\/blog\/aviso-de-privacidad\/","title":{"rendered":"Aviso de Privacidad"},"content":{"rendered":"<h3>POL\u00cdTICA DE PRIVACIDAD<\/h3>\n<p>El objetivo de esta Pol\u00edtica de privacidad es describir la gesti\u00f3n de este sitio web en lo que respecta al procesamiento de los datos personales de sus usuarios, en cumplimiento de lo regulado por el Reglamento UE 2016\/679, para aquellos que se conectan al sitio web corporativo de LECOM PROJECTS, S.L con C.I.F. B65890642 n\u00famero y domicilio social en Calle Cop\u00e9rnico, 47-49, 08021 de Barcelona y se haya inscrita en el Registro Mercantil de Barcelona en el tomo 43.417, folio 1, hoja B429.041, Inscripci\u00f3n 1\u00aa. Tel\u00e9fono: (+34) 930 030 664<\/p>\n<p>Los usuarios deben leer esta Pol\u00edtica de privacidad cuidadosamente antes de enviar cualquier informaci\u00f3n personal y \/ o completar cualquier formulario electr\u00f3nico en el sitio web<\/p>\n<h3>Finalidades del tratamiento de datos personales<\/h3>\n<p>A continuaci\u00f3n, se enumeran las finalidades del procesamiento de datos personales que se gestionan a trav\u00e9s de esta p\u00e1gina web y que es facilitada por los usuarios a trav\u00e9s de formularios en l\u00ednea, redes sociales o adquiridos autom\u00e1ticamente durante la navegaci\u00f3n.<\/p>\n<p>Los fines del tratamiento de datos personales son:<\/p>\n<ol>\n<li>Gestionar correctamente su pedido online, la factura correspondiente al mismo, as\u00ed como los env\u00edos f\u00edsicos a la direcci\u00f3n postal que nos ha facilitado.<\/li>\n<li>Permitir su registro en el sitio web para gestionar y proporcionarle informaci\u00f3n sobre sus consultas en relaci\u00f3n a los productos y servicios que ofrecemos.<\/li>\n<li>Permitir el env\u00edo de informaci\u00f3n y promociones comerciales relacionadas con nuestros productos y servicios, previa obtenci\u00f3n de su consentimiento.<\/li>\n<\/ol>\n<h3>M\u00e9todos de tratamiento de datos<\/h3>\n<p>El procesamiento de datos personales se realiza utilizando herramientas automatizadas (por ejemplo, utilizando procedimientos electr\u00f3nicos y medios de almacenamiento) y \/ o manualmente (por ejemplo, en papel) durante el tiempo estrictamente necesario para lograr los fines para los cuales se recopilaron los datos y, en cualquier caso, de conformidad con la normativa vigente. En relaci\u00f3n con dicho procesamiento, LECOM PROJECTS, S.L ha tomado las medidas de seguridad exigidas por ley, para garantizar la integridad y confidencialidad de los datos.<\/p>\n<h3>Tipo y fuente de datos procesados<\/h3>\n<p><b>1) Datos de navegaci\u00f3n<\/b><\/p>\n<p>Los sistemas inform\u00e1ticos y los procedimientos de software utilizados para operar en este sitio web adquieren, como parte de su funcionamiento normal, cierta informaci\u00f3n personal que se transmite impl\u00edcitamente en el uso de los protocolos de comunicaci\u00f3n de Internet.<\/p>\n<p>Esta informaci\u00f3n, por su naturaleza, puede, a trav\u00e9s de la asociaci\u00f3n y el procesamiento de datos en poder de terceros, permitir que usuarios \/ visitantes sean identificados (por ejemplo, a trav\u00e9s de su direcci\u00f3n IP, nombres de dominio de computadora utilizados para conectarse al sitio web, etc.).<\/p>\n<p>Esta informaci\u00f3n se utiliza principalmente para elaborar informaci\u00f3n estad\u00edstica, verificar el correcto funcionamiento del sitio web y hacer que la navegaci\u00f3n sea m\u00e1s eficiente.<\/p>\n<p>Dichos datos de contacto web no se conservan despu\u00e9s del procesamiento, excepto cuando sea necesario para la investigaci\u00f3n de cualquier delito inform\u00e1tico contra el sitio web.<\/p>\n<p>Ning\u00fan dato derivado del servicio web ser\u00e1 comunicado o diseminado a terceros no autorizados.<\/p>\n<p>Para obtener m\u00e1s informaci\u00f3n espec\u00edficamente en relaci\u00f3n con las cookies, consulte la secci\u00f3n dedicada a la <a href=\"\/content\/10-politica-de-cookies\">pol\u00edtica de cookies aqu\u00ed<\/a>.<\/p>\n<p><b>2) Datos proporcionados voluntariamente por los usuarios<\/b><\/p>\n<p>Cuando los usuarios se conectan a este sitio web, env\u00edan informaci\u00f3n personal a trav\u00e9s de los formularios de datos o para realizar solicitudes y env\u00edos de consultas, estas acciones implican la adquisici\u00f3n por LECOM PROJECTS, S.L de la direcci\u00f3n de correo electr\u00f3nico del remitente y \/ u otros datos personales. Estos datos se procesar\u00e1n exclusivamente para las finalidades especificadas en esta pol\u00edtica de privacidad.<\/p>\n<p>El usuario deber\u00e1 rellenar los formularios con datos verdaderos, exactos, completos y actualizados, respondiendo de los da\u00f1os y perjuicios que pudiera ocasionar a causa de la cumplimentaci\u00f3n defectuosa de los formularios con datos falsos, inexactos, incompletos o no actualizados, tanto a LECOM PROJECTS, S.L como a terceros. Los datos personales proporcionados por los usuarios solo se comunicar\u00e1n a terceros si la comunicaci\u00f3n es necesaria para cumplir con las solicitudes de los usuarios, y gestionar las finalidades antes expuestas.<\/p>\n<p>Si para la utilizaci\u00f3n de alg\u00fan servicio se recibiera un identificador y\/o una contrase\u00f1a confidencial, es responsabilidad del propio usuario mantener dicha confidencialidad no revelando directa o indirectamente la informaci\u00f3n a otro usuario y manteniendo las medidas de seguridad oportunas a tal efecto. De darse el caso que el usuario detectase una vulneraci\u00f3n de la seguridad en sus datos, es su obligaci\u00f3n el comunicarlo a www.lecuine.com para que se proceda a realizar las medidas oportunas para salvaguardar la integridad de la informaci\u00f3n y el uso l\u00edcito de los servicios de la misma. LECOM PROJECTS, S.L no ser\u00e1 responsable del uso il\u00edcito de los servicios de la web por un tercero mientras no reciba la pertinente comunicaci\u00f3n por parte del usuario afectado.<\/p>\n<p>LECOM PROJECTS, S.L. se reserva el derecho de denegar el acceso, eliminar la cuenta o modificar cualquier contenido del usuario si este incumpliera la legislaci\u00f3n vigente, las presentes condiciones de aviso de privacidad o las presentes en el aviso legal.<\/p>\n<p>En cumplimiento de la normativa vigente sobre protecci\u00f3n de datos regulada por el Reglamento Europeo 2016\/679 le informamos que los datos personales que nos facilite ser\u00e1n incorporados a un fichero automatizado titularidad de LECOM PROJECTS, S.L quien como responsable del mismo, lo utilizar\u00e1 para las finalidades especificadas anteriormente en esta pol\u00edtica de privacidad.<\/p>\n<p><b>3) Menores de edad<\/b><\/p>\n<p>Se advierte a los usuarios menores de 18 a\u00f1os que han de tener el consentimiento de sus padres o tutores legales antes de facilitar sus datos personales. LECOM PROJECTS, S.L directamente o bajo cualquiera de sus marcas, no vende productos a menores de edad como se indica en su AVISO LEGAL.<\/p>\n<h3>Proveedores de servicios<\/h3>\n<p>Para poder facilitar los servicios solicitados por los usuarios, LECOM PROJECTS, S.L. contrata o puede contratar a otras personas jur\u00eddicas y\/o f\u00edsicas para llevar a cabo tareas en nuestro nombre tales como el embalaje de productos, env\u00edo de pedidos, procesar pagos, ofrecer servicio especializado al cliente, env\u00edo de comunicaciones electr\u00f3nicas o realizar an\u00e1lisis de datos entre otros.<\/p>\n<p>LECOM PROJECTS, S.L. se compromete a hacer p\u00fablica y a divulgar entre todas las personas que intervengan, directa o indirectamente, en el tratamiento de los datos, las medidas de seguridad, normas y procedimientos que se adopten para garantizar la seguridad de los datos, evitando su alteraci\u00f3n, p\u00e9rdida, tratamiento o acceso no autorizado. Asimismo, informar\u00e1 sobre el deber de secreto o confidencialidad al que est\u00e1 obligado por Ley.<\/p>\n<h3>Derechos ARCO<\/h3>\n<p>El titular de los datos puede ejercer sus derechos en relaci\u00f3n con el Responsable del Fichero LECOM PROJECTS, S.L en cualquier momento de conformidad con el Reglamento UE 679\/2016. Por lo tanto, el titular de los datos tiene derecho a obtener la confirmaci\u00f3n de la existencia o no de datos personales que le conciernen y su comunicaci\u00f3n en forma inteligible; a obtener indicaciones sobre el origen de los datos, los fines del procesamiento, los m\u00e9todos de procesamiento, el Responsable del Fichero y su representante y las partes a quienes se pueden comunicar los datos; a que los datos sean corregidos, complementados y actualizados, as\u00ed como eliminados o transformados en forma an\u00f3nima.<\/p>\n<p>El titular de los datos puede solicitar el cese en cualquier momento de las actividades de procesamiento relacionadas con el marketing directo, las comunicaciones comerciales y la investigaci\u00f3n de mercado. Para el ejercicio efectivo de todos estos derechos deber\u00e1 remitir comunicaci\u00f3n escrita al Responsable del Fichero LECOM PROJECTS, S.L acompa\u00f1ada de copia del DNI, o a trav\u00e9s del correo electr\u00f3nico: info@lecuine.com . En el caso de recibir una solicitud de cancelaci\u00f3n, procederemos a dar de baja sus datos de nuestra lista de correos, en el plazo establecido por Ley.<\/p>\n","protected":false},"excerpt":{"rendered":"<p>POL\u00cdTICA DE PRIVACIDAD El objetivo de esta Pol\u00edtica de privacidad es describir la gesti\u00f3n de este sitio web en lo que respecta al procesamiento de los datos personales de sus usuarios, en cumplimiento de lo regulado por el Reglamento UE 2016\/679, para aquellos que se conectan al sitio web corporativo de LECOM PROJECTS, S.L con&#8230;<\/p>\n","protected":false},"author":1,"featured_media":0,"parent":0,"menu_order":0,"comment_status":"open","ping_status":"open","template":"","meta":{"_acf_changed":false,"footnotes":""},"class_list":["post-43","page","type-page","status-publish","hentry"],"acf":[],"yoast_head":"<!-- This site is optimized with the Yoast SEO plugin v27.2 - https:\/\/yoast.com\/product\/yoast-seo-wordpress\/ -->\n<title>Aviso de Privacidad - Lecuine y blog Lecuine<\/title>\n<meta name=\"robots\" content=\"index, nofollow, max-snippet:-1, max-image-preview:large, max-video-preview:-1\" \/>\n<link rel=\"canonical\" href=\"https:\/\/www.lecuine.com\/blog\/aviso-de-privacidad\/\" \/>\n<meta property=\"og:locale\" content=\"es_ES\" \/>\n<meta property=\"og:type\" content=\"article\" \/>\n<meta property=\"og:title\" content=\"Aviso de Privacidad - Lecuine y blog Lecuine\" \/>\n<meta property=\"og:description\" content=\"POL\u00cdTICA DE PRIVACIDAD El objetivo de esta Pol\u00edtica de privacidad es describir la gesti\u00f3n de este sitio web en lo que respecta al procesamiento de los datos personales de sus usuarios, en cumplimiento de lo regulado por el Reglamento UE 2016\/679, para aquellos que se conectan al sitio web corporativo de LECOM PROJECTS, S.L con...\" \/>\n<meta property=\"og:url\" content=\"http:\/\/www.lecuine.com\/blog\/aviso-de-privacidad\/\" \/>\n<meta property=\"og:site_name\" content=\"Lecuiners\" \/>\n<meta property=\"article:modified_time\" content=\"2022-08-03T14:02:18+00:00\" \/>\n<meta name=\"twitter:label1\" content=\"Tiempo de lectura\" \/>\n\t<meta name=\"twitter:data1\" content=\"6 minutos\" \/>\n<script type=\"application\/ld+json\" class=\"yoast-schema-graph\">{\"@context\":\"https:\/\/schema.org\",\"@graph\":[{\"@type\":\"WebPage\",\"@id\":\"https:\/\/www.lecuine.com\/blog\/aviso-de-privacidad\/\",\"url\":\"https:\/\/www.lecuine.com\/blog\/aviso-de-privacidad\/\",\"name\":\"Aviso de Privacidad - Lecuine y blog Lecuine\",\"isPartOf\":{\"@id\":\"https:\/\/www.lecuine.com\/blog\/#website\"},\"datePublished\":\"2014-03-24T23:57:27+00:00\",\"dateModified\":\"2022-08-03T14:02:18+00:00\",\"inLanguage\":\"es\",\"potentialAction\":[{\"@type\":\"ReadAction\",\"target\":[\"https:\/\/www.lecuine.com\/blog\/aviso-de-privacidad\/\"]}]},{\"@type\":\"WebSite\",\"@id\":\"https:\/\/www.lecuine.com\/blog\/#website\",\"url\":\"https:\/\/www.lecuine.com\/blog\/\",\"name\":\"Lecuiners\",\"description\":\"El blog de la tienda online Lecuine.com\",\"potentialAction\":[{\"@type\":\"SearchAction\",\"target\":{\"@type\":\"EntryPoint\",\"urlTemplate\":\"https:\/\/www.lecuine.com\/blog\/?s={search_term_string}\"},\"query-input\":{\"@type\":\"PropertyValueSpecification\",\"valueRequired\":true,\"valueName\":\"search_term_string\"}}],\"inLanguage\":\"es\"}]}<\/script>\n<!-- \/ Yoast SEO plugin. -->","yoast_head_json":{"title":"Aviso de Privacidad - Lecuine y blog Lecuine","robots":{"index":"index","follow":"nofollow","max-snippet":"max-snippet:-1","max-image-preview":"max-image-preview:large","max-video-preview":"max-video-preview:-1"},"canonical":"https:\/\/www.lecuine.com\/blog\/aviso-de-privacidad\/","og_locale":"es_ES","og_type":"article","og_title":"Aviso de Privacidad - Lecuine y blog Lecuine","og_description":"POL\u00cdTICA DE PRIVACIDAD El objetivo de esta Pol\u00edtica de privacidad es describir la gesti\u00f3n de este sitio web en lo que respecta al procesamiento de los datos personales de sus usuarios, en cumplimiento de lo regulado por el Reglamento UE 2016\/679, para aquellos que se conectan al sitio web corporativo de LECOM PROJECTS, S.L con...","og_url":"http:\/\/www.lecuine.com\/blog\/aviso-de-privacidad\/","og_site_name":"Lecuiners","article_modified_time":"2022-08-03T14:02:18+00:00","twitter_misc":{"Tiempo de lectura":"6 minutos"},"schema":{"@context":"https:\/\/schema.org","@graph":[{"@type":"WebPage","@id":"https:\/\/www.lecuine.com\/blog\/aviso-de-privacidad\/","url":"https:\/\/www.lecuine.com\/blog\/aviso-de-privacidad\/","name":"Aviso de Privacidad - Lecuine y blog Lecuine","isPartOf":{"@id":"https:\/\/www.lecuine.com\/blog\/#website"},"datePublished":"2014-03-24T23:57:27+00:00","dateModified":"2022-08-03T14:02:18+00:00","inLanguage":"es","potentialAction":[{"@type":"ReadAction","target":["https:\/\/www.lecuine.com\/blog\/aviso-de-privacidad\/"]}]},{"@type":"WebSite","@id":"https:\/\/www.lecuine.com\/blog\/#website","url":"https:\/\/www.lecuine.com\/blog\/","name":"Lecuiners","description":"El blog de la tienda online Lecuine.com","potentialAction":[{"@type":"SearchAction","target":{"@type":"EntryPoint","urlTemplate":"https:\/\/www.lecuine.com\/blog\/?s={search_term_string}"},"query-input":{"@type":"PropertyValueSpecification","valueRequired":true,"valueName":"search_term_string"}}],"inLanguage":"es"}]}},"_links":{"self":[{"href":"https:\/\/www.lecuine.com\/blog\/wp-json\/wp\/v2\/pages\/43","targetHints":{"allow":["GET"]}}],"collection":[{"href":"https:\/\/www.lecuine.com\/blog\/wp-json\/wp\/v2\/pages"}],"about":[{"href":"https:\/\/www.lecuine.com\/blog\/wp-json\/wp\/v2\/types\/page"}],"author":[{"embeddable":true,"href":"https:\/\/www.lecuine.com\/blog\/wp-json\/wp\/v2\/users\/1"}],"replies":[{"embeddable":true,"href":"https:\/\/www.lecuine.com\/blog\/wp-json\/wp\/v2\/comments?post=43"}],"version-history":[{"count":4,"href":"https:\/\/www.lecuine.com\/blog\/wp-json\/wp\/v2\/pages\/43\/revisions"}],"predecessor-version":[{"id":12746,"href":"https:\/\/www.lecuine.com\/blog\/wp-json\/wp\/v2\/pages\/43\/revisions\/12746"}],"wp:attachment":[{"href":"https:\/\/www.lecuine.com\/blog\/wp-json\/wp\/v2\/media?parent=43"}],"curies":[{"name":"wp","href":"https:\/\/api.w.org\/{rel}","templated":true}]}}