{"id":42,"date":"2014-03-24T23:57:16","date_gmt":"2014-03-24T23:57:16","guid":{"rendered":"\/blog\/?page_id=42"},"modified":"2022-08-03T16:01:49","modified_gmt":"2022-08-03T14:01:49","slug":"aviso-legal","status":"publish","type":"page","link":"https:\/\/www.lecuine.com\/blog\/aviso-legal\/","title":{"rendered":"Aviso Legal"},"content":{"rendered":"<h3>Aviso legal y condiciones generales de contrataci\u00f3n www.lecuine.com<\/h3>\n<p>Seg\u00fan lo dispuesto en el art\u00edculo 10 de la Ley 34\/2002 de Servicios de la Sociedad de la Informaci\u00f3n y Comercio electr\u00f3nico informamos que el dominio www.lecuine.com y todo su contenido es propiedad de LECOM PROJECTS, S.L con C.I.F. B65890642 n\u00famero y domicilio social en Calle Cop\u00e9rnico, 47-49, 08021 de Barcelona y se haya inscrita en el Registro Mercantil de Barcelona en el tomo 43.417, folio 1, hoja B429.041, Inscripci\u00f3n 1\u00aa. Tel\u00e9fono: (+34) 930 030 664<\/p>\n<h3>Propiedad intelectual e Industrial<\/h3>\n<p>Los derechos de propiedad intelectual de esta p\u00e1gina web, su c\u00f3digo fuente, dise\u00f1o, estructura de navegaci\u00f3n y los distintos elementos en ella contenidos son titularidad de LECOM PROJECTS, S.L, a quien corresponde el ejercicio exclusivo de los derechos de explotaci\u00f3n de los mismos en cualquier forma y, en especial, los derechos de reproducci\u00f3n, distribuci\u00f3n, comunicaci\u00f3n p\u00fablica y transformaci\u00f3n. Los terceros titulares de derechos de propiedad intelectual sobre fotograf\u00edas, logotipos, etc&#8230;, incluidos en este sitio web han concedido a LECOM PROJECTS, S.L las correspondientes autorizaciones para su reproducci\u00f3n y puesta a disposici\u00f3n del p\u00fablico.<\/p>\n<p>Se autoriza la visualizaci\u00f3n, impresi\u00f3n y descarga parcial del contenido de la web s\u00f3lo y exclusivamente si concurren las siguientes condiciones: 1) Que sea compatible con los objetivos de esta p\u00e1gina web 2) Que se realice con el exclusivo \u00e1nimo de obtener la informaci\u00f3n contenida para uso personal y privado. Se proh\u00edbe expresamente su utilizaci\u00f3n con fines comerciales o para su distribuci\u00f3n, comunicaci\u00f3n p\u00fablica o transformaci\u00f3n sin el consentimiento expreso de LECOM PROJECTS, S.L<\/p>\n<p>La utilizaci\u00f3n no autorizada de la informaci\u00f3n contenida en esta web, su reventa, as\u00ed como la lesi\u00f3n de los derechos de Propiedad Intelectual o Industrial de LECOM PROJECTS, S.L, dar\u00e1 lugar a las responsabilidades legalmente establecidas.<\/p>\n<h3>Exclusi\u00f3n de Garant\u00edas y Responsabilidades<\/h3>\n<p>LECOM PROJECTS, S.L incluye en este sitio web informaci\u00f3n precisa y actualizada; no obstante, la informaci\u00f3n alojada en el mismo podr\u00eda llegar a contener inexactitudes t\u00e9cnicas o errores tipogr\u00e1ficos, por lo que LECOM PROJECTS, S.L no ofrecer\u00e1 garant\u00eda alguna respecto a la misma y no responde, en consecuencia, de su precisi\u00f3n, integridad, veracidad, suficiencia, actualidad o exhaustividad, ni de los da\u00f1os y perjuicios de cualquier naturaleza que pudieran deberse a la falta de exactitud, exhaustividad, actualidad, de la misma. LECOM PROJECTS, S.L no garantiza la inexistencia de errores en el acceso a la web, en su contenido, ni que \u00e9ste se encuentre actualizado, aunque desarrollar\u00e1 sus mejores esfuerzos para, en su caso, evitarlos, subsanarlos o actualizarlos.<\/p>\n<p>Tanto el acceso a este web como el uso que pueda hacerse de la informaci\u00f3n contenida en el mismo es de la exclusiva responsabilidad de quien lo realiza. LECOM PROJECTS, S.L no responder\u00e1 de ninguna consecuencia, da\u00f1o o perjuicio que pudieran derivarse de dicho acceso o uso de la informaci\u00f3n. LECOM PROJECTS, S.L no se hace responsable de los posibles errores de seguridad que se puedan producir ni de los posibles da\u00f1os que puedan causarse al sistema inform\u00e1tico del usuario (hardware y software), los ficheros o documentos almacenados en el mismo, como consecuencia de la presencia de virus en el ordenador del usuario utilizado para la conexi\u00f3n a los servicios y contenidos de la web, de un mal funcionamiento del navegador o del uso de versiones no actualizadas del mismo.<\/p>\n<p>LECOM PROJECTS, S.L no se responsabiliza de cualquier da\u00f1o o perjuicio derivado de circunstancias de fuerza mayor, como por ejemplo: error en las l\u00edneas de comunicaciones, defectos en el Hardware y Software de los usuarios, fallos en la red de Internet (de conexi\u00f3n, en las p\u00e1ginas enlazadas). No se garantiza que la p\u00e1gina web vaya a funcionar constante, fiable y correctamente, sin demoras o interrupciones.<\/p>\n<h3>Tratamiento de datos y seguridad de la informaci\u00f3n<\/h3>\n<p>LECOM PROJECTS, S.L tratar\u00e1 datos de car\u00e1cter personal a trav\u00e9s de esta p\u00e1gina web. El usuario podr\u00e1 consultar la pol\u00edtica de protecci\u00f3n de datos aplicada a este tipo de informaci\u00f3n, a trav\u00e9s del enlace <a href=\"\/content\/3-aviso-de-privacidad\">pol\u00edtica de privacidad<\/a> , cuyo contenido se ajusta a lo Regulado en el Reglamento UE 2016\/679.<\/p>\n<h3>Suspensi\u00f3n del servicio<\/h3>\n<p>LECOM PROJECTS, S.L se reserva el derecho a suspender la visualizaci\u00f3n de esta p\u00e1gina web en todas o en algunas de sus funciones en relaci\u00f3n con todas las necesidades relativas a la eficacia y a la seguridad de la misma.<\/p>\n<h3>Enlaces a webs de terceros<\/h3>\n<p>En la presente web, www.lecuine.com , constan enlaces a empresas de terceros sobre los que LECOM PROJECTS, S.L no tiene ning\u00fan tipo de control sobre el contenido que pudieran mostrar o las herramientas que utilicen en las mismas; es por tanto que LECOM PROJECTS, S.L. no asume ning\u00fan tipo de responsabilidad sobre los mismos.<\/p>\n<p>Toda informaci\u00f3n que LECOM PROJECTS, S.L pudiera facilitar a dichas empresas queda descrita dentro de las condiciones del AVISO DE PRIVACIDAD de la presente web. Asimismo, el tratamiento que estas empresas den a la informaci\u00f3n que reciban del usuario no queda englobada dentro del AVISO DE PRIVACIDAD de LECOM PROJECTS, S.L. y deber\u00e1 informarse el propio usuario de las condiciones particulares de cada una de las empresas.<\/p>\n<h3>CONDICIONES DE VENTA ONLINE<\/h3>\n<ol>\n<li><b>SISTEMAS DE PAGO<\/b>: www.lecuine.com acepta el pago mediante Tarjeta de cr\u00e9dito, PayPal, Amazon Pay, Financiaci\u00f3n con Paga+Tarde, Transferencia bancaria y Contra reembolso.<br \/>\na. Tarjeta de cr\u00e9dito y Paypal: LECOM PROJECTS, S.L tiene implementada la tecnolog\u00eda SSL (Secure Socked Layer) que permite un entorno seguro en las transmisiones de informaci\u00f3n y operaciones realizadas en www.lecuine.com.<br \/>\nb. Transferencia: Los pagos mediante este sistema han de realizarse a nombre de LECOM PROJECTS, S.L a la cuenta bancaria que se indicar\u00e1 al procesar el pedido, indicando en el concepto de la transferencia el n\u00famero del pedido.<\/li>\n<li><b>FORMAS DE ENV\u00cdO Y PLAZO DE ENTREGA<\/b>: Todos los pedidos ser\u00e1n enviados por el m\u00e9todo seleccionado por el cliente en el momento de la compra. Ning\u00fan pedido ser\u00e1 expedido sin la previa confirmaci\u00f3n del pago del mismo. Debido a la especializaci\u00f3n de los productos ofrecidos en www.lecuine.com , el plazo de env\u00edo es de un m\u00e1ximo en 48 horas despu\u00e9s de la recepci\u00f3n del pago para pa\u00edses dentro de la Comunidad Econ\u00f3mica Europea. Para otros destinos espec\u00edficos el cliente deber\u00e1 consultarlo a trav\u00e9s de info@lecuine.com . Lea nuestras <a href=\"\/content\/1-condiciones-de-envio\">condiciones de env\u00edo<\/a> para m\u00e1s informaci\u00f3n.<\/li>\n<li><b>ADUANAS<\/b>: LECOM PROJECTS, S.L no contempla en sus precios las posibles tasas aduaneras que pudieran generarse en el env\u00edo de alg\u00fan pedido, es por tanto responsabilidad del cliente el hacer frente a dichos gastos.<\/li>\n<li><b>CAMBIOS Y DEVOLUCIONES<\/b>: El cliente cuenta con 14 di\u0301as naturales desde la recepcio\u0301n del producto, o desde la celebraci\u00f3n del contrato si se trata de prestaci\u00f3n de servicios, para devolver el pedido en caso de no estar conforme con este. El cliente deber\u00e1 informar del cambio y\/o devoluci\u00f3n enviando un email a info@lecuine.com o rellenado el siguiente formulario de contacto siguiendo las indicaciones del modelo de formulario de desistimiento indicado m\u00e1s abajo. Los gastos de env\u00edo derivados de dicha devoluci\u00f3n ser\u00e1n a cargo del cliente en caso de querer la devoluci\u00f3n del importe. Si por el contrario el cliente optase por el cambio del producto adquirido en www.lecuine.com por otro del listado de referencias de dicha web, los costes de env\u00edo derivados de dicho cambio correr\u00edan a cargo de LECOM PROJECTS, S.L El cliente es el responsable de hacer llegar el producto en perfectas condiciones a LECOM PROJECTS, S.L.<\/li>\n<li><b>MODELO DE FORMULARIO DE DESISTIMIENTO<\/b><br \/>\n(s\u00f3lo debe cumplimentar y enviar el presente formulario si desea desistir del contrato)<br \/>\n\u2013 A la atenci\u00f3n de (aqu\u00ed se deber\u00e1 insertar el nombre del empresario, su direcci\u00f3n completa y, si dispone de ellos, su n\u00famero de fax y su direcci\u00f3n de correo electr\u00f3nico):<br \/>\n\u2013 Por la presente le comunico\/comunicamos (*) que desisto de mi\/desistimos de nuestro (*) contrato de venta del siguiente bien\/prestaci\u00f3n del siguiente servicio (*)<br \/>\n\u2013 Pedido el\/recibido el (*)<br \/>\n\u2013 Nombre del consumidor y usuario o de los consumidores y usuarios<br \/>\n\u2013 Domicilio del consumidor y usuario o de los consumidores y usuarios<br \/>\n\u2013 Firma del consumidor y usuario o de los consumidores y usuarios (solo si el presente formulario se presenta en papel)<br \/>\n\u2013 Fecha(*) T\u00e1chese lo que no proceda.<\/li>\n<li><b>GARANT\u00cdA<\/b>: Los productos ofrecidos en www.lecuine.com cuentan con dos a\u00f1os de garant\u00eda para el consumidor seg\u00fan establece la ley 23\/003 de 10 de junio, de Garant\u00edas en la Venta de Bienes de Consumo, si est\u00e1n englobados dentro de este marco regulatorio.<br \/>\nEn caso de producto defectuoso, el vendedor deber\u00e1 proceder, seg\u00fan corresponda, a la reparaci\u00f3n, sustituci\u00f3n, rebaja del precio o resoluci\u00f3n del contrato, gestiones que ser\u00e1n gratuitas para el consumidor y usuario. El vendedor responde de las faltas de conformidad que se manifiesten en un plazo de dos a\u00f1os desde la entrega. El consumidor y usuario deber\u00e1 informar al vendedor de la falta de conformidad en el plazo de dos meses desde que tuvo conocimiento de ella.En cualquier otro caso o trat\u00e1ndose de cualquier otro tipo de bien, los productos contar\u00e1n con la garant\u00eda que contemple la legislaci\u00f3n vigente en el momento de la compra.Los defectos ocasionados por un mal uso del producto y\/o por no seguir las instrucciones indicadas para el uso del mismo no est\u00e1n contemplados ni incluidos dentro de la garant\u00eda.<\/li>\n<li><b>ATENCI\u00d3N AL CLIENTE<\/b>: El cliente tiene a su disposici\u00f3n nuestro sistema de atenci\u00f3n al cliente donde atender toda incidencia o duda que tenga con su pedido. Para ello el cliente ha de enviar un mail con toda la informaci\u00f3n lo m\u00e1s detallada posible a info@lecuine.com y ser\u00e1 atendido a la mayor brevedad posible.<\/li>\n<li><b>RESPONSABILIDAD<\/b>: El cliente tiene la responsabilidad de estar capacitado para utilizar los productos distribuidos a trav\u00e9s de www.lecuine.com . LECOM PROJECTS, S.L declina toda responsabilidad sobre el uso indebido o incorrecto que se le den a los productos adquiridos por el cliente.<\/li>\n<li><b>MENORES DE EDAD<\/b>: LECOM PROJECTS, S.L. no vende ning\u00fan producto a menores de edad, ni directamente ni bajo ninguna de sus websites. En el caso que un menor quisiera adquirir alguno de los productos ofrecidos por LECOM PROJECTS, S.L. deber\u00e1 hacerlo a trav\u00e9s de un adulto o bajo la supervisi\u00f3n de sus padres o tutor legal.<\/li>\n<li><b>JURISDICCION APLICABLE<\/b>: El presente Aviso Legal se rige en todos sus extremos por la legislaci\u00f3n espa\u00f1ola, y en caso de controversia las partes se someten, a su elecci\u00f3n, para la resoluci\u00f3n de los conflictos y con renuncia a cualquier otro fuero, a los juzgados y tribunales del domicilio del usuario. Asimismo, como entidad adherida a CONFIANZA ONLINE y en los t\u00e9rminos de su C\u00f3digo \u00c9tico, en caso de controversias relativas a la contrataci\u00f3n y publicidad online, protecci\u00f3n de datos, protecci\u00f3n de menores y accesibilidad, el usuario podr\u00e1 acudir al sistema de resoluci\u00f3n extrajudicial de controversias de CONFIANZA ONLINE (<a href=\"https:\/\/www.confianzaonline.es\">www.confianzaonline.es<\/a> ).<\/li>\n<\/ol>\n","protected":false},"excerpt":{"rendered":"<p>Aviso legal y condiciones generales de contrataci\u00f3n www.lecuine.com Seg\u00fan lo dispuesto en el art\u00edculo 10 de la Ley 34\/2002 de Servicios de la Sociedad de la Informaci\u00f3n y Comercio electr\u00f3nico informamos que el dominio www.lecuine.com y todo su contenido es propiedad de LECOM PROJECTS, S.L con C.I.F. B65890642 n\u00famero y domicilio social en Calle Cop\u00e9rnico,&#8230;<\/p>\n","protected":false},"author":1,"featured_media":0,"parent":0,"menu_order":0,"comment_status":"open","ping_status":"open","template":"","meta":{"_acf_changed":false,"footnotes":""},"class_list":["post-42","page","type-page","status-publish","hentry"],"acf":[],"yoast_head":"<!-- This site is optimized with the Yoast SEO plugin v27.2 - https:\/\/yoast.com\/product\/yoast-seo-wordpress\/ -->\n<title>Aviso Legal - Lecuiners<\/title>\n<meta name=\"robots\" content=\"index, nofollow, max-snippet:-1, max-image-preview:large, max-video-preview:-1\" \/>\n<link rel=\"canonical\" href=\"https:\/\/www.lecuine.com\/blog\/aviso-legal\/\" \/>\n<meta property=\"og:locale\" content=\"es_ES\" \/>\n<meta property=\"og:type\" content=\"article\" \/>\n<meta property=\"og:title\" content=\"Aviso Legal - Lecuiners\" \/>\n<meta property=\"og:description\" content=\"Aviso legal y condiciones generales de contrataci\u00f3n www.lecuine.com Seg\u00fan lo dispuesto en el art\u00edculo 10 de la Ley 34\/2002 de Servicios de la Sociedad de la Informaci\u00f3n y Comercio electr\u00f3nico informamos que el dominio www.lecuine.com y todo su contenido es propiedad de LECOM PROJECTS, S.L con C.I.F. B65890642 n\u00famero y domicilio social en Calle Cop\u00e9rnico,...\" \/>\n<meta property=\"og:url\" content=\"http:\/\/www.lecuine.com\/blog\/aviso-legal\/\" \/>\n<meta property=\"og:site_name\" content=\"Lecuiners\" \/>\n<meta property=\"article:modified_time\" content=\"2022-08-03T14:01:49+00:00\" \/>\n<meta name=\"twitter:label1\" content=\"Tiempo de lectura\" \/>\n\t<meta name=\"twitter:data1\" content=\"9 minutos\" \/>\n<script type=\"application\/ld+json\" class=\"yoast-schema-graph\">{\"@context\":\"https:\/\/schema.org\",\"@graph\":[{\"@type\":\"WebPage\",\"@id\":\"https:\/\/www.lecuine.com\/blog\/aviso-legal\/\",\"url\":\"https:\/\/www.lecuine.com\/blog\/aviso-legal\/\",\"name\":\"Aviso Legal - Lecuiners\",\"isPartOf\":{\"@id\":\"https:\/\/www.lecuine.com\/blog\/#website\"},\"datePublished\":\"2014-03-24T23:57:16+00:00\",\"dateModified\":\"2022-08-03T14:01:49+00:00\",\"inLanguage\":\"es\",\"potentialAction\":[{\"@type\":\"ReadAction\",\"target\":[\"https:\/\/www.lecuine.com\/blog\/aviso-legal\/\"]}]},{\"@type\":\"WebSite\",\"@id\":\"https:\/\/www.lecuine.com\/blog\/#website\",\"url\":\"https:\/\/www.lecuine.com\/blog\/\",\"name\":\"Lecuiners\",\"description\":\"El blog de la tienda online Lecuine.com\",\"potentialAction\":[{\"@type\":\"SearchAction\",\"target\":{\"@type\":\"EntryPoint\",\"urlTemplate\":\"https:\/\/www.lecuine.com\/blog\/?s={search_term_string}\"},\"query-input\":{\"@type\":\"PropertyValueSpecification\",\"valueRequired\":true,\"valueName\":\"search_term_string\"}}],\"inLanguage\":\"es\"}]}<\/script>\n<!-- \/ Yoast SEO plugin. -->","yoast_head_json":{"title":"Aviso Legal - Lecuiners","robots":{"index":"index","follow":"nofollow","max-snippet":"max-snippet:-1","max-image-preview":"max-image-preview:large","max-video-preview":"max-video-preview:-1"},"canonical":"https:\/\/www.lecuine.com\/blog\/aviso-legal\/","og_locale":"es_ES","og_type":"article","og_title":"Aviso Legal - Lecuiners","og_description":"Aviso legal y condiciones generales de contrataci\u00f3n www.lecuine.com Seg\u00fan lo dispuesto en el art\u00edculo 10 de la Ley 34\/2002 de Servicios de la Sociedad de la Informaci\u00f3n y Comercio electr\u00f3nico informamos que el dominio www.lecuine.com y todo su contenido es propiedad de LECOM PROJECTS, S.L con C.I.F. B65890642 n\u00famero y domicilio social en Calle Cop\u00e9rnico,...","og_url":"http:\/\/www.lecuine.com\/blog\/aviso-legal\/","og_site_name":"Lecuiners","article_modified_time":"2022-08-03T14:01:49+00:00","twitter_misc":{"Tiempo de lectura":"9 minutos"},"schema":{"@context":"https:\/\/schema.org","@graph":[{"@type":"WebPage","@id":"https:\/\/www.lecuine.com\/blog\/aviso-legal\/","url":"https:\/\/www.lecuine.com\/blog\/aviso-legal\/","name":"Aviso Legal - Lecuiners","isPartOf":{"@id":"https:\/\/www.lecuine.com\/blog\/#website"},"datePublished":"2014-03-24T23:57:16+00:00","dateModified":"2022-08-03T14:01:49+00:00","inLanguage":"es","potentialAction":[{"@type":"ReadAction","target":["https:\/\/www.lecuine.com\/blog\/aviso-legal\/"]}]},{"@type":"WebSite","@id":"https:\/\/www.lecuine.com\/blog\/#website","url":"https:\/\/www.lecuine.com\/blog\/","name":"Lecuiners","description":"El blog de la tienda online Lecuine.com","potentialAction":[{"@type":"SearchAction","target":{"@type":"EntryPoint","urlTemplate":"https:\/\/www.lecuine.com\/blog\/?s={search_term_string}"},"query-input":{"@type":"PropertyValueSpecification","valueRequired":true,"valueName":"search_term_string"}}],"inLanguage":"es"}]}},"_links":{"self":[{"href":"https:\/\/www.lecuine.com\/blog\/wp-json\/wp\/v2\/pages\/42","targetHints":{"allow":["GET"]}}],"collection":[{"href":"https:\/\/www.lecuine.com\/blog\/wp-json\/wp\/v2\/pages"}],"about":[{"href":"https:\/\/www.lecuine.com\/blog\/wp-json\/wp\/v2\/types\/page"}],"author":[{"embeddable":true,"href":"https:\/\/www.lecuine.com\/blog\/wp-json\/wp\/v2\/users\/1"}],"replies":[{"embeddable":true,"href":"https:\/\/www.lecuine.com\/blog\/wp-json\/wp\/v2\/comments?post=42"}],"version-history":[{"count":3,"href":"https:\/\/www.lecuine.com\/blog\/wp-json\/wp\/v2\/pages\/42\/revisions"}],"predecessor-version":[{"id":12745,"href":"https:\/\/www.lecuine.com\/blog\/wp-json\/wp\/v2\/pages\/42\/revisions\/12745"}],"wp:attachment":[{"href":"https:\/\/www.lecuine.com\/blog\/wp-json\/wp\/v2\/media?parent=42"}],"curies":[{"name":"wp","href":"https:\/\/api.w.org\/{rel}","templated":true}]}}